{"id":275,"date":"2014-02-14T09:46:21","date_gmt":"2014-02-14T07:46:21","guid":{"rendered":"http:\/\/ozanyarman.com\/wpress\/?page_id=275"},"modified":"2018-07-03T23:27:41","modified_gmt":"2018-07-03T20:27:41","slug":"poetry","status":"publish","type":"page","link":"https:\/\/ozanyarman.com\/wpress\/poetry\/","title":{"rendered":"Poetry"},"content":{"rendered":"<p><a href=\"http:\/\/www.ozanyarman.com\/diesirae.html\" target=\"_blank\" rel=\"noopener\">http:\/\/www.ozanyarman.com\/diesirae.html<\/a><\/p>\n<p><em><strong>KAHIR G\u00dcN\u00dc (DIES IRAE)<\/strong><\/em><\/p>\n<p><em>Ozan Yarman<\/em> (Sonbahar 2010)<\/p>\n<div><strong>1<\/strong><\/div>\n<div><strong>Kah\u0131r g\u00fcn\u00fc! O g\u00fcn,<\/strong><\/div>\n<div><strong>Ki \u015fahidi Nebi ve kahin kad\u0131n,<\/strong><\/div>\n<div><strong>D\u00fcr\u00fclecek hesab\u0131 k\u00fcll\u00fc y\u00fczy\u0131llar\u0131n!<\/strong><\/div>\n<div style=\"padding-left: 210px;\">1<\/div>\n<div style=\"padding-left: 210px;\">Dies ir\u00e6! dies illa<\/div>\n<div style=\"padding-left: 210px;\">Solvet s\u00e6clum in favilla:<\/div>\n<div style=\"padding-left: 210px;\">Teste David cum Sibylla!<\/div>\n<div><strong>2<\/strong><\/div>\n<div><strong>Yarg\u0131lad\u0131\u011f\u0131nda Malik&#8217;i Din g\u00fcn\u00fcn\u00fcn<\/strong><\/div>\n<div><strong>Her ameli \u00f6n\u00fcndeki g\u00f6z\u00fcn\u00fcn,<\/strong><\/div>\n<div><strong>Y\u0131k\u0131lacak sanki kubbesi g\u00f6\u011f\u00fcn!<\/strong><\/div>\n<div style=\"padding-left: 210px;\">2<\/div>\n<div style=\"padding-left: 210px;\">Quantus tremor est futurus,<\/div>\n<div style=\"padding-left: 210px;\">Quando iudex est venturus,<\/div>\n<div style=\"padding-left: 210px;\">Cuncta stricte discussurus!<\/div>\n<div><strong>3<\/strong><\/div>\n<div><strong>\u00c7\u0131nlayan o ses, \u00fcflendi\u011finde Sur,<\/strong><\/div>\n<div><strong>\u00c7atlatacak ta\u015flar\u0131n\u0131 b\u00fct\u00fcn kubur<\/strong><\/div>\n<div><strong>Ve kaplayacak yery\u00fcz\u00fcn\u00fc y\u00fcce bir Nur!<\/strong><\/div>\n<div style=\"padding-left: 210px;\">3<\/div>\n<div style=\"padding-left: 210px;\">Tuba, mirum spargens sonum<\/div>\n<div style=\"padding-left: 210px;\">Per sepulchra regionum,<\/div>\n<div style=\"padding-left: 210px;\">Coget omnes ante thronum.<\/div>\n<div><strong>4<\/strong><\/div>\n<div><strong>O zaman, dili tutuk t\u00fcm alemin,<\/strong><\/div>\n<div><strong>Faydas\u0131 yok cana, ana, baba, s\u00fclalenin<\/strong><\/div>\n<div><strong>Malik buyuracak: &#8220;Hepiniz huzuruma gelin!&#8221;<\/strong><\/div>\n<div style=\"padding-left: 210px;\">4<\/div>\n<div style=\"padding-left: 210px;\">Mors stupebit, et natura,<\/div>\n<div style=\"padding-left: 210px;\">Cum resurget creatura,<\/div>\n<div style=\"padding-left: 210px;\">Iudicanti responsura.<\/div>\n<div><strong>5<\/strong><\/div>\n<div><strong>O Kitap ki, \u0131skalanmam\u0131\u015f tek bir \u015fey,<\/strong><\/div>\n<div><strong>Yaz\u0131lm\u0131\u015f i\u00e7ine olup biten pey-der-pey,<\/strong><\/div>\n<div><strong>Sol eline verilenlerin hali vay ki vay!<\/strong><\/div>\n<div style=\"padding-left: 210px;\">5<\/div>\n<div style=\"padding-left: 210px;\">Liber scriptus proferetur,<\/div>\n<div style=\"padding-left: 210px;\">In quo totum continetur,<\/div>\n<div style=\"padding-left: 210px;\">Unde mundus iudicetur.<\/div>\n<div><strong>6<\/strong><\/div>\n<div><strong>Aziz ve Hakim Allah Ar\u015f&#8217;a kurulur,<\/strong><\/div>\n<div><strong>Ka\u00e7maya kalkan tez zincire vurulur,<\/strong><\/div>\n<div><strong>Herkese yap\u0131p etti\u011fi bir bir sorulur.<\/strong><\/div>\n<div style=\"padding-left: 210px;\">6<\/div>\n<div style=\"padding-left: 210px;\">Iudex ergo cum sedebit,<\/div>\n<div style=\"padding-left: 210px;\">Quidquid latet, apparebit:<\/div>\n<div style=\"padding-left: 210px;\">Nil inultum remanebit.<\/div>\n<div><strong>7<\/strong><\/div>\n<div><strong>Zay\u0131f d\u00fc\u015f\u00fcr\u00fclm\u00fc\u015f fas\u0131k, g\u00fc\u00e7l\u00fc olana<\/strong><\/div>\n<div><strong>\u00c7atar, hani ba\u011f\u0131\u015flanma, onca yalana?<\/strong><\/div>\n<div><strong>M\u00fcmin bile muhtac iken bir \u015fefaat edene?<\/strong><\/div>\n<div style=\"padding-left: 210px;\">7<\/div>\n<div style=\"padding-left: 210px;\">Quid sum miser tunc dicturus?<\/div>\n<div style=\"padding-left: 210px;\">Quem patronum rogaturus,<\/div>\n<div style=\"padding-left: 210px;\">Cum vix iustus sit securus?<\/div>\n<div><\/div>\n<div><strong>8<\/strong><\/div>\n<div><strong>Ey ba\u011f\u0131\u015flamas\u0131 bol olan y\u00fcce Rab,<\/strong><\/div>\n<div><strong>Yard\u0131m\u0131n olmasa halimiz harab&#8230;<\/strong><\/div>\n<div><strong>Kurtulu\u015fa erdir, bitsin bu \u0131st\u0131rab!<\/strong><\/div>\n<div style=\"padding-left: 210px;\">8<\/div>\n<div style=\"padding-left: 210px;\">Rex tremend\u00e6 maiestatis,<\/div>\n<div style=\"padding-left: 210px;\">Qui salvandos salvas gratis,<\/div>\n<div style=\"padding-left: 210px;\">Salva me, fons pietatis.<\/div>\n<div><strong>9<\/strong><\/div>\n<div><strong>Hat\u0131rla bizi Habib-Allah o sars\u0131c\u0131 g\u00fcn.<\/strong><\/div>\n<div><strong>S\u0131rat el-M\u00fcstakim&#8217;e dayanm\u0131\u015f\u0131z b\u00fcsb\u00fct\u00fcn,<\/strong><\/div>\n<div><strong>\u015eefaat et! Allah kat\u0131nda ge\u00e7er senin s\u00f6z\u00fcn!<\/strong><\/div>\n<div style=\"padding-left: 210px;\">9<\/div>\n<div style=\"padding-left: 210px;\">Recordare, Iesu pie,<\/div>\n<div style=\"padding-left: 210px;\">Quod sum causa tu\u00e6 vi\u00e6:<\/div>\n<div style=\"padding-left: 210px;\">Ne me perdas illa die.<\/div>\n<div><strong>10<\/strong><\/div>\n<div><strong>Her Resul mah\u015ferde o g\u00fcn \u00fcmmetini g\u00f6zler;<\/strong><\/div>\n<div><strong>Hak yolunda \u00e7ektiler ne belalar, g\u00fc\u00e7l\u00fckler&#8230;<\/strong><\/div>\n<div><strong>S\u0131rf onlara uyanlar kurtulabilecekler!<\/strong><\/div>\n<div style=\"padding-left: 210px;\">10<\/div>\n<div style=\"padding-left: 210px;\">Qu\u00e6rens me, sedisti lassus:<\/div>\n<div style=\"padding-left: 210px;\">Redemisti Crucem passus:<\/div>\n<div style=\"padding-left: 210px;\">Tantus labor non sit cassus.<\/div>\n<div><strong>11<\/strong><\/div>\n<div><strong>\u0130ntikam sahibi ulu Yaradan&#8230;<\/strong><\/div>\n<div><strong>Umutluyuz \u015fimdi ba\u011f\u0131\u015flamandan,<\/strong><\/div>\n<div><strong>Kurtar bizi cehennem azab\u0131ndan!<\/strong><\/div>\n<div><\/div>\n<div style=\"padding-left: 210px;\">11<\/div>\n<div style=\"padding-left: 210px;\">Iuste iudex ultionis,<\/div>\n<div style=\"padding-left: 210px;\">Donum fac remissionis<\/div>\n<div style=\"padding-left: 210px;\">Ante diem rationis.<\/div>\n<div><strong>12<\/strong><\/div>\n<div><strong>Ne \u00e7ok g\u00fcnah y\u00fcklendim \u00f6mr\u00fcm boyunca&#8230;<\/strong><\/div>\n<div><strong>Y\u00fcz\u00fcm k\u0131zar\u0131r t\u00fcm\u00fcn\u00fc ard arda koyunca!<\/strong><\/div>\n<div><strong>\u0130\u015fte duam&#8230; kar\u0131nca, olsa da, a\u011f\u0131rl\u0131\u011f\u0131nca!<\/strong><\/div>\n<div style=\"padding-left: 210px;\">12<\/div>\n<div style=\"padding-left: 210px;\">Ingemisco, tamquam reus:<\/div>\n<div style=\"padding-left: 210px;\">Culpa rubet vultus meus:<\/div>\n<div style=\"padding-left: 210px;\">Supplicanti parce, Deus.<\/div>\n<div><strong>13<\/strong><\/div>\n<div><strong>Sen ki tertemiz k\u0131ld\u0131n Meryem kulunu,<\/strong><\/div>\n<div><strong>Affettin nice t\u00f6vbekar\u0131, \u015fa\u015f\u0131rsa bile yolunu,<\/strong><\/div>\n<div><strong>Umudum var, bilmesem de sa\u011f\u0131m\u0131 solumu!<\/strong><\/div>\n<div style=\"padding-left: 210px;\">13<\/div>\n<div style=\"padding-left: 210px;\">Qui Mariam absolvisti,<\/div>\n<div style=\"padding-left: 210px;\">Et latronem exaudisti,<\/div>\n<div style=\"padding-left: 210px;\">Mihi quoque spem dedisti.<\/div>\n<div><strong>14<\/strong><\/div>\n<div><strong>Lay\u0131k de\u011fil niyaz\u0131m ba\u011f\u0131\u015flanmaya elbet,<\/strong><\/div>\n<div><strong>Ama Sen Adilsin, g\u00f6ster bana da merhamet.<\/strong><\/div>\n<div><strong>De\u011fmesin, ne olur, \u00fcst\u00fcme o yak\u0131c\u0131 lanet!<\/strong><\/div>\n<div style=\"padding-left: 210px;\">14<\/div>\n<div style=\"padding-left: 210px;\">Preces me\u00e6 non sunt dign\u00e6:<\/div>\n<div style=\"padding-left: 210px;\">Sed tu bonus fac benigne,<\/div>\n<div style=\"padding-left: 210px;\">Ne perenni cremer igne.<\/div>\n<div><\/div>\n<div><strong>15<\/strong><\/div>\n<div><strong>Eri\u015ftir kurtulanlar\u0131n yurdunda bir nimete,<\/strong><\/div>\n<div><strong>Yoldan sapm\u0131\u015flardan uzak bir himmete,<\/strong><\/div>\n<div><strong>&#8220;Selam&#8221; diyen g\u00fcler y\u00fczler i\u00e7inde bir cennete!<\/strong><\/div>\n<div style=\"padding-left: 210px;\">15<\/div>\n<div style=\"padding-left: 210px;\">Inter oves locum pr\u00e6sta,<\/div>\n<div style=\"padding-left: 210px;\">Et ab h\u00e6dis me sequestra,<\/div>\n<div style=\"padding-left: 210px;\">Statuens in parte dextra.<\/div>\n<div><strong>16<\/strong><\/div>\n<div><strong>Sevkedilmi\u015fken caniler boyunlar\u0131 halkal\u0131 ate\u015fe,<\/strong><\/div>\n<div><strong>At\u0131lmaktayken kefere gayya kuyusuna pe\u015fpe\u015fe,<\/strong><\/div>\n<div><strong>Rahmetini arayan salihler i\u00e7in cennetler d\u00f6\u015fe!<\/strong><\/div>\n<div style=\"padding-left: 210px;\">16<\/div>\n<div style=\"padding-left: 210px;\">Confutatis maledictis,<\/div>\n<div style=\"padding-left: 210px;\">Flammis acribus addictis:<\/div>\n<div style=\"padding-left: 210px;\">Voca me cum benedictis.<\/div>\n<div><strong>17<\/strong><\/div>\n<div><strong>Ellerim a\u00e7\u0131k, aln\u0131m secdede,<\/strong><\/div>\n<div><strong>Her kebire bir sebeb-i m\u00fc\u015feddide,<\/strong><\/div>\n<div><strong>Yakar\u0131\u015flar\u0131m art\u0131k son raddede!<\/strong><\/div>\n<div style=\"padding-left: 210px;\">17<\/div>\n<div style=\"padding-left: 210px;\">Oro supplex et acclinis,<\/div>\n<div style=\"padding-left: 210px;\">Cor contritum quasi cinis:<\/div>\n<div style=\"padding-left: 210px;\">Gere curam mei finis.<\/div>\n<div><strong>18<\/strong><\/div>\n<div><strong>G\u00f6zlerin yuvalar\u0131ndan f\u0131rlad\u0131\u011f\u0131 o g\u00fcn,<\/strong><\/div>\n<div><strong>K\u00fclden kemikten herkesi diriltti\u011fin g\u00fcn,<\/strong><\/div>\n<div><strong>Yarl\u0131\u011fa ey alemlerin Rabbi<\/strong><\/div>\n<div><strong>Salih imanla kat\u0131na gelenleri.<\/strong><\/div>\n<div style=\"padding-left: 210px;\">18<\/div>\n<div style=\"padding-left: 210px;\">Lacrimosa dies illa,<\/div>\n<div style=\"padding-left: 210px;\">Qua resurget ex favilla<\/div>\n<div style=\"padding-left: 210px;\">Iudicandus homo reus.<\/div>\n<div style=\"padding-left: 210px;\">Huic ergo parce, Deus:<\/div>\n<div><strong>19<\/strong><\/div>\n<div><strong>Ey \u015ferefli Enbiya,<\/strong><\/div>\n<div><strong>Siz de \u015fefaat edin onlara. Amin.<\/strong><\/div>\n<div style=\"padding-left: 210px;\">19<\/div>\n<div style=\"padding-left: 210px;\">Pie Jesu Domine,<\/div>\n<div style=\"padding-left: 210px;\">Dona eis requiem. Amen.<\/div>\n","protected":false},"excerpt":{"rendered":"<p>http:\/\/www.ozanyarman.com\/diesirae.html KAHIR G\u00dcN\u00dc (DIES IRAE) Ozan Yarman (Sonbahar 2010) 1 Kah\u0131r g\u00fcn\u00fc! O g\u00fcn, Ki \u015fahidi Nebi ve kahin kad\u0131n, D\u00fcr\u00fclecek hesab\u0131 k\u00fcll\u00fc y\u00fczy\u0131llar\u0131n! 1 Dies ir\u00e6! dies illa Solvet s\u00e6clum in favilla: Teste David cum Sibylla! 2 Yarg\u0131lad\u0131\u011f\u0131nda Malik&#8217;i &hellip; <a href=\"https:\/\/ozanyarman.com\/wpress\/poetry\/\">Continue reading <span class=\"meta-nav\">&rarr;<\/span><\/a><\/p>\n","protected":false},"author":1,"featured_media":0,"parent":0,"menu_order":4,"comment_status":"open","ping_status":"closed","template":"","meta":{"footnotes":""},"class_list":["post-275","page","type-page","status-publish","hentry"],"_links":{"self":[{"href":"https:\/\/ozanyarman.com\/wpress\/wp-json\/wp\/v2\/pages\/275","targetHints":{"allow":["GET"]}}],"collection":[{"href":"https:\/\/ozanyarman.com\/wpress\/wp-json\/wp\/v2\/pages"}],"about":[{"href":"https:\/\/ozanyarman.com\/wpress\/wp-json\/wp\/v2\/types\/page"}],"author":[{"embeddable":true,"href":"https:\/\/ozanyarman.com\/wpress\/wp-json\/wp\/v2\/users\/1"}],"replies":[{"embeddable":true,"href":"https:\/\/ozanyarman.com\/wpress\/wp-json\/wp\/v2\/comments?post=275"}],"version-history":[{"count":9,"href":"https:\/\/ozanyarman.com\/wpress\/wp-json\/wp\/v2\/pages\/275\/revisions"}],"predecessor-version":[{"id":407,"href":"https:\/\/ozanyarman.com\/wpress\/wp-json\/wp\/v2\/pages\/275\/revisions\/407"}],"wp:attachment":[{"href":"https:\/\/ozanyarman.com\/wpress\/wp-json\/wp\/v2\/media?parent=275"}],"curies":[{"name":"wp","href":"https:\/\/api.w.org\/{rel}","templated":true}]}}