{"id":285,"date":"2014-02-16T13:29:29","date_gmt":"2014-02-16T11:29:29","guid":{"rendered":"http:\/\/ozanyarman.com\/wpress\/?page_id=285"},"modified":"2014-02-16T14:17:06","modified_gmt":"2014-02-16T12:17:06","slug":"gazeteyurt-yaz%c4%b1","status":"publish","type":"page","link":"https:\/\/ozanyarman.com\/wpress\/gazeteyurt-yaz%c4%b1\/","title":{"rendered":"gazeteyurt.net yaz\u0131"},"content":{"rendered":"<p>Bu k\u00f6\u015fede <a title=\"http:\/\/www.gazeteyurt.net\" href=\"http:\/\/www.gazeteyurt.net\">http:\/\/www.gazeteyurt.net<\/a>&#8216;te yay\u0131nlanan yaz\u0131lar\u0131ma ula\u015fabilirsiniz.<\/p>\n<p>Dr. Oz.<\/p>\n","protected":false},"excerpt":{"rendered":"<p>Bu k\u00f6\u015fede http:\/\/www.gazeteyurt.net&#8216;te yay\u0131nlanan yaz\u0131lar\u0131ma ula\u015fabilirsiniz. Dr. Oz.<\/p>\n","protected":false},"author":1,"featured_media":0,"parent":0,"menu_order":5,"comment_status":"open","ping_status":"closed","template":"","meta":{"footnotes":""},"class_list":["post-285","page","type-page","status-publish","hentry"],"_links":{"self":[{"href":"https:\/\/ozanyarman.com\/wpress\/wp-json\/wp\/v2\/pages\/285","targetHints":{"allow":["GET"]}}],"collection":[{"href":"https:\/\/ozanyarman.com\/wpress\/wp-json\/wp\/v2\/pages"}],"about":[{"href":"https:\/\/ozanyarman.com\/wpress\/wp-json\/wp\/v2\/types\/page"}],"author":[{"embeddable":true,"href":"https:\/\/ozanyarman.com\/wpress\/wp-json\/wp\/v2\/users\/1"}],"replies":[{"embeddable":true,"href":"https:\/\/ozanyarman.com\/wpress\/wp-json\/wp\/v2\/comments?post=285"}],"version-history":[{"count":4,"href":"https:\/\/ozanyarman.com\/wpress\/wp-json\/wp\/v2\/pages\/285\/revisions"}],"predecessor-version":[{"id":294,"href":"https:\/\/ozanyarman.com\/wpress\/wp-json\/wp\/v2\/pages\/285\/revisions\/294"}],"wp:attachment":[{"href":"https:\/\/ozanyarman.com\/wpress\/wp-json\/wp\/v2\/media?parent=285"}],"curies":[{"name":"wp","href":"https:\/\/api.w.org\/{rel}","templated":true}]}}