{"id":414,"date":"2023-12-05T16:40:14","date_gmt":"2023-12-05T13:40:14","guid":{"rendered":"http:\/\/ozanyarman.com\/wpress\/?page_id=414"},"modified":"2025-04-13T13:28:59","modified_gmt":"2025-04-13T10:28:59","slug":"parapharnalia","status":"publish","type":"page","link":"https:\/\/ozanyarman.com\/wpress\/parapharnalia\/","title":{"rendered":"Parapharnalia"},"content":{"rendered":"<p>Bu sayfada di\u011fer kategorilere girmeyen \u00e7al\u0131\u015fmalar\u0131ma ula\u015fabilirsiniz.<\/p>\n","protected":false},"excerpt":{"rendered":"<p>Bu sayfada di\u011fer kategorilere girmeyen \u00e7al\u0131\u015fmalar\u0131ma ula\u015fabilirsiniz.<\/p>\n","protected":false},"author":1,"featured_media":0,"parent":0,"menu_order":0,"comment_status":"open","ping_status":"closed","template":"","meta":{"footnotes":""},"class_list":["post-414","page","type-page","status-publish","hentry"],"_links":{"self":[{"href":"https:\/\/ozanyarman.com\/wpress\/wp-json\/wp\/v2\/pages\/414","targetHints":{"allow":["GET"]}}],"collection":[{"href":"https:\/\/ozanyarman.com\/wpress\/wp-json\/wp\/v2\/pages"}],"about":[{"href":"https:\/\/ozanyarman.com\/wpress\/wp-json\/wp\/v2\/types\/page"}],"author":[{"embeddable":true,"href":"https:\/\/ozanyarman.com\/wpress\/wp-json\/wp\/v2\/users\/1"}],"replies":[{"embeddable":true,"href":"https:\/\/ozanyarman.com\/wpress\/wp-json\/wp\/v2\/comments?post=414"}],"version-history":[{"count":3,"href":"https:\/\/ozanyarman.com\/wpress\/wp-json\/wp\/v2\/pages\/414\/revisions"}],"predecessor-version":[{"id":420,"href":"https:\/\/ozanyarman.com\/wpress\/wp-json\/wp\/v2\/pages\/414\/revisions\/420"}],"wp:attachment":[{"href":"https:\/\/ozanyarman.com\/wpress\/wp-json\/wp\/v2\/media?parent=414"}],"curies":[{"name":"wp","href":"https:\/\/api.w.org\/{rel}","templated":true}]}}